{"id":5443,"date":"2019-03-22T11:58:22","date_gmt":"2019-03-22T11:58:22","guid":{"rendered":"https:\/\/terrasharp.com\/?page_id=5443"},"modified":"2019-08-01T13:38:53","modified_gmt":"2019-08-01T13:38:53","slug":"methode-complit","status":"publish","type":"page","link":"https:\/\/terrasharp.com\/fr\/methode-complit\/","title":{"rendered":"METHODE COMPLIT"},"content":{"rendered":"<p>[et_pb_section fb_built=\u00a0\u00bb1&Prime; custom_padding_last_edited=\u00a0\u00bbon|desktop\u00a0\u00bb admin_label=\u00a0\u00bbHero section\u00a0\u00bb _builder_version=\u00a0\u00bb3.19.10&Prime; background_image=\u00a0\u00bbhttps:\/\/terrasharp.com\/wp-content\/uploads\/2019\/04\/complit_methode_header_terrasharp_2.jpg\u00a0\u00bb background_position=\u00a0\u00bbtop_center\u00a0\u00bb custom_margin=\u00a0\u00bb-25px|||\u00a0\u00bb custom_padding=\u00a0\u00bb48.8%||10%||false|false\u00a0\u00bb][\/et_pb_section][et_pb_section fb_built=\u00a0\u00bb1&Prime; _builder_version=\u00a0\u00bb3.17.6&Prime; background_color=\u00a0\u00bbrgba(0,0,0,0.03)\u00a0\u00bb background_position=\u00a0\u00bbtop_center\u00a0\u00bb custom_margin=\u00a0\u00bb|||\u00a0\u00bb custom_padding=\u00a0\u00bb22px||\u00a0\u00bb][et_pb_row _builder_version=\u00a0\u00bb3.17.6&Prime;][et_pb_column type=\u00a0\u00bb1_2&Prime; _builder_version=\u00a0\u00bb3.17.6&Prime; parallax=\u00a0\u00bboff\u00a0\u00bb parallax_method=\u00a0\u00bbon\u00a0\u00bb][et_pb_image src=\u00a0\u00bbhttps:\/\/terrasharp.com\/wp-content\/uploads\/2019\/02\/agronomical_consultant_free_quote_terrasharp.jpg\u00a0\u00bb _builder_version=\u00a0\u00bb3.19.10&Prime; custom_margin=\u00a0\u00bb0px|-20px||-100px\u00a0\u00bb][\/et_pb_image][\/et_pb_column][et_pb_column type=\u00a0\u00bb1_2&Prime; _builder_version=\u00a0\u00bb3.17.6&Prime; parallax=\u00a0\u00bboff\u00a0\u00bb parallax_method=\u00a0\u00bbon\u00a0\u00bb][et_pb_text _builder_version=\u00a0\u00bb3.19.10&Prime; text_font=\u00a0\u00bb||||||||\u00a0\u00bb text_line_height=\u00a0\u00bb1.4em\u00a0\u00bb header_font=\u00a0\u00bb|600|||||||\u00a0\u00bb custom_padding=\u00a0\u00bb|0px||20px\u00a0\u00bb]<\/p>\n<h1>METHODE COMPLIT: Service de conseil agronomique de TERRASHARP<\/h1>\n<p><strong><\/strong>La m\u00e9thode <strong>COMPLIT<\/strong> nous rend unique. Il y a beaucoup d\u2019 entreprises qui fournissent des mappages avec drones mais ce qui rend nous rend uniques c&rsquo;est la relation cr\u00e9\u00e9e avec le client.<br \/>Nous fournissons le survol, les donn\u00e9es, les cartes, soit, un service complet \u00e0 360\u00b0 en partant de la <strong>consultation agronomique<\/strong>: nos agronomes vous informent par la suite, des r\u00e9sultats obtenus. <br \/>De plus, nous fournissons des indications sur les meilleures semences, engrais, machines \u00e0 d\u00e9bit variable, analyses du sol et optimisation des <strong>ressources hydriques<\/strong>. Nos services, et ceux fournis par nos paternaires tiers, sont parfaitement int\u00e9gr\u00e9s les uns aux autres, en cr\u00e9ant un syst\u00e8me holistique, pour vous donner un syst\u00e8me \u201ccl\u00e9 en main\u201d..<\/p>\n<p>[\/et_pb_text][\/et_pb_column][\/et_pb_row][\/et_pb_section][et_pb_section fb_built=\u00a0\u00bb1&Prime; _builder_version=\u00a0\u00bb3.17.6&Prime; custom_padding=\u00a0\u00bb0px|0px|0px|0px|false|false\u00a0\u00bb][et_pb_row use_custom_width=\u00a0\u00bbon\u00a0\u00bb width_unit=\u00a0\u00bboff\u00a0\u00bb custom_width_percent=\u00a0\u00bb100%\u00a0\u00bb custom_padding=\u00a0\u00bb99px|0|105px|0|false|false\u00a0\u00bb custom_margin=\u00a0\u00bb0px||\u00a0\u00bb _builder_version=\u00a0\u00bb3.19.10&Prime; background_image=\u00a0\u00bbhttps:\/\/terrasharp.com\/wp-content\/uploads\/2019\/03\/terrasharp_consulenza_agronomica_parallax-1.jpg\u00a0\u00bb parallax=\u00a0\u00bbon\u00a0\u00bb parallax_method=\u00a0\u00bboff\u00a0\u00bb][et_pb_column type=\u00a0\u00bb4_4&Prime; _builder_version=\u00a0\u00bb3.17.6&Prime; parallax=\u00a0\u00bboff\u00a0\u00bb parallax_method=\u00a0\u00bbon\u00a0\u00bb][\/et_pb_column][\/et_pb_row][et_pb_row _builder_version=\u00a0\u00bb3.17.6&Prime;][et_pb_column type=\u00a0\u00bb1_2&Prime; _builder_version=\u00a0\u00bb3.17.6&Prime; parallax=\u00a0\u00bboff\u00a0\u00bb parallax_method=\u00a0\u00bbon\u00a0\u00bb][et_pb_text _builder_version=\u00a0\u00bb3.19.10&Prime; text_font=\u00a0\u00bb||||||||\u00a0\u00bb header_font=\u00a0\u00bb|600|||||||\u00a0\u00bb]<\/p>\n<h1 style=\"text-align: left;\">METHODE COMPLIT: l&rsquo;association parfaite entre l&rsquo;\u00e9xperience agricole italienne et les technologies les plus avanc\u00e9es.<\/h1>\n<p>Notre <strong>M\u00e9thode COMPLIT<\/strong> nous permet de vous assurer des r\u00e9sultats tangibles et garantis. Ce n\u2019est pas juste un service de conseils agricoles, mais bien plus encore. Choisir <strong>TERRASHARP<\/strong> et sa M\u00e9thode COMPLIT, cela veut dire s\u2019en remettre \u00e0 une \u00e9quipe de <strong>professionnels dignes<\/strong> de confiance qui, en plus d\u2019\u00eatre un service d&rsquo;agriculture de pr\u00e9cision, vise vos objectifs au moyen d&rsquo;une vision compl\u00e8te pour obtenir ensemble des <strong>r\u00e9sultats tangibles<\/strong>. C&rsquo;est pour cette raison que notre travail avec vous et votre agronome est essentiel. Nous savons que c&rsquo;est la seule fa\u00e7on possible d\u2019atteindre le potentiel maximum. Nous avons un objectif unique : <strong>votre Succ\u00e8s<\/strong>.<\/p>\n<p>[\/et_pb_text][\/et_pb_column][et_pb_column type=\u00a0\u00bb1_2&Prime; _builder_version=\u00a0\u00bb3.17.6&Prime; parallax=\u00a0\u00bboff\u00a0\u00bb parallax_method=\u00a0\u00bbon\u00a0\u00bb][et_pb_video src=\u00a0\u00bbhttps:\/\/youtu.be\/DoUcymgec7o\u00a0\u00bb image_src=\u00a0\u00bbhttps:\/\/terrasharp.com\/wp-content\/uploads\/2019\/02\/51283453_1022059234654516_3230249537591312384_n.jpg\u00a0\u00bb _builder_version=\u00a0\u00bb3.19.10&Prime; custom_margin=\u00a0\u00bb|-80px||0px\u00a0\u00bb custom_padding=\u00a0\u00bb||0px|0px\u00a0\u00bb][\/et_pb_video][\/et_pb_column][\/et_pb_row][et_pb_row custom_padding=\u00a0\u00bb26px|0px|51px|0px|false|false\u00a0\u00bb _builder_version=\u00a0\u00bb3.17.6&Prime;][et_pb_column type=\u00a0\u00bb4_4&Prime; _builder_version=\u00a0\u00bb3.17.6&Prime; parallax=\u00a0\u00bboff\u00a0\u00bb parallax_method=\u00a0\u00bbon\u00a0\u00bb][et_pb_text _builder_version=\u00a0\u00bb3.17.6&Prime; text_font=\u00a0\u00bb||||||||\u00a0\u00bb header_font=\u00a0\u00bb|600|||||||\u00a0\u00bb header_2_font=\u00a0\u00bb||on||||||\u00a0\u00bb]<\/p>\n<h1 style=\"text-align: center;\">AMELIOREZ LA QUALITE ET LE RENDEMENT DE VOTRE TERRAIN AGRICOLE, REDUISEZ LES CO\u00dbTS, LES GASPILLAGES ET OPTIMISEZ TOUTE LA FILIERE!<\/h1>\n<h2 style=\"text-align: center;\">Request Demandez d\u00e8s maintenant un conseil agronomique gratuit<\/h2>\n<p>[\/et_pb_text][et_pb_button button_url=\u00a0\u00bbhttps:\/\/terrasharp.com\/fr\/contactez-nous\/\u00a0\u00bb button_text=\u00a0\u00bbDemandez votre conseil gratuit\u00a0\u00bb button_alignment=\u00a0\u00bbcenter\u00a0\u00bb _builder_version=\u00a0\u00bb3.19.10&Prime; custom_button=\u00a0\u00bbon\u00a0\u00bb button_text_size=\u00a0\u00bb23px\u00a0\u00bb button_text_color=\u00a0\u00bbrgba(119,193,98,0.76)\u00a0\u00bb button_border_width=\u00a0\u00bb2px\u00a0\u00bb button_font=\u00a0\u00bb||||||||\u00a0\u00bb][\/et_pb_button][\/et_pb_column][\/et_pb_row][\/et_pb_section][et_pb_section fb_built=\u00a0\u00bb1&Prime; _builder_version=\u00a0\u00bb3.19.10&Prime; background_image=\u00a0\u00bbhttps:\/\/terrasharp.com\/wp-content\/uploads\/2019\/02\/footer_terrasharp.jpg\u00a0\u00bb custom_padding=\u00a0\u00bb60px|0px|50.5104px|0px|false|false\u00a0\u00bb][et_pb_row make_fullwidth=\u00a0\u00bbon\u00a0\u00bb make_equal=\u00a0\u00bbon\u00a0\u00bb background_color_1=\u00a0\u00bbrgba(0,0,0,0.76)\u00a0\u00bb background_color_2=\u00a0\u00bbrgba(0,0,0,0.76)\u00a0\u00bb padding_top_2=\u00a0\u00bb12px\u00a0\u00bb padding_right_2=\u00a0\u00bb20px\u00a0\u00bb padding_bottom_2=\u00a0\u00bb12px\u00a0\u00bb padding_left_2=\u00a0\u00bb20px\u00a0\u00bb _builder_version=\u00a0\u00bb3.17.6&Prime;][et_pb_column type=\u00a0\u00bb1_2&Prime; _builder_version=\u00a0\u00bb3.0.47&Prime; background_color=\u00a0\u00bbrgba(0,0,0,0.76)\u00a0\u00bb parallax=\u00a0\u00bboff\u00a0\u00bb parallax_method=\u00a0\u00bbon\u00a0\u00bb][et_pb_text _builder_version=\u00a0\u00bb3.19.10&Prime; link_font=\u00a0\u00bb|700|||on|||rgba(119,193,98,0.76)|\u00a0\u00bb link_text_color=\u00a0\u00bb#ffffff\u00a0\u00bb header_font=\u00a0\u00bb||||||||\u00a0\u00bb header_3_font=\u00a0\u00bb||||||||\u00a0\u00bb header_3_text_color=\u00a0\u00bbrgba(119,193,98,0.76)\u00a0\u00bb border_radii=\u00a0\u00bbon|28px|28px|28px|28px\u00a0\u00bb module_alignment=\u00a0\u00bbcenter\u00a0\u00bb custom_margin=\u00a0\u00bb35px||\u00a0\u00bb]<\/p>\n<h3 style=\"text-align: center;\"><span><strong><\/strong><\/span><\/h3>\n<h3 style=\"text-align: center;\"><span><strong>Adresse<\/strong><\/span><\/h3>\n<p style=\"text-align: center;\"><span style=\"font-size: large; color: #ffffff;\">Rue Gerolamo Tiraboschi 8,<\/span><br \/> <span style=\"font-size: large; color: #ffffff;\"> 20135, Milano Italia<\/span><\/p>\n<h3 style=\"text-align: center;\"><strong>T\u00e9l\u00e9phone<\/strong><\/h3>\n<p style=\"text-align: center;\"><span style=\"font-size: large; color: #ffffff;\">(+39) 02 546 3198<\/span><\/p>\n<h3 style=\"text-align: center;\"><strong>Courrier \u00e9lectronique<\/strong><\/h3>\n<p style=\"text-align: center;\"><span style=\"font-size: large;\"><a href=\"mailto:info@terrasharp.com\"> info@terrasharp.com<\/a><\/span><\/p>\n<p>&nbsp;<\/p>\n<p>[\/et_pb_text][\/et_pb_column][et_pb_column type=\u00a0\u00bb1_2&Prime; _builder_version=\u00a0\u00bb3.0.47&Prime; padding_bottom=\u00a0\u00bb12px\u00a0\u00bb padding_left=\u00a0\u00bb20px\u00a0\u00bb padding_right=\u00a0\u00bb20px\u00a0\u00bb padding_top=\u00a0\u00bb12px\u00a0\u00bb background_color=\u00a0\u00bbrgba(0,0,0,0.76)\u00a0\u00bb parallax=\u00a0\u00bboff\u00a0\u00bb parallax_method=\u00a0\u00bbon\u00a0\u00bb][et_pb_contact_form captcha=\u00a0\u00bboff\u00a0\u00bb email=\u00a0\u00bbinfo@terrasharp.com\u00a0\u00bb title=\u00a0\u00bbDemandez conseil ou une estimation\u00a0\u00bb success_message=\u00a0\u00bbMerci, votre message a \u00e9t\u00e9 envoy\u00e9\u00a0\u00bb submit_button_text=\u00a0\u00bbEnvoyer\u00a0\u00bb module_id=\u00a0\u00bbet_pb_contact_form_0&Prime; _builder_version=\u00a0\u00bb3.19.10&Prime; title_font=\u00a0\u00bb||||||||\u00a0\u00bb title_text_color=\u00a0\u00bbrgba(119,193,98,0.76)\u00a0\u00bb form_field_font=\u00a0\u00bb||||||||\u00a0\u00bb custom_button=\u00a0\u00bbon\u00a0\u00bb button_border_radius=\u00a0\u00bb17px\u00a0\u00bb button_letter_spacing=\u00a0\u00bb0px\u00a0\u00bb button_font=\u00a0\u00bb||||||||\u00a0\u00bb][et_pb_contact_field field_id=\u00a0\u00bbName\u00a0\u00bb field_title=\u00a0\u00bbNom et pr\u00e9nom\u00a0\u00bb field_background_color=\u00a0\u00bbrgba(255,255,255,0.87)\u00a0\u00bb _builder_version=\u00a0\u00bb3.19.10&Prime; form_field_font=\u00a0\u00bb||||||||\u00a0\u00bb border_radii=\u00a0\u00bbon||||\u00a0\u00bb button_text_size__hover_enabled=\u00a0\u00bboff\u00a0\u00bb button_one_text_size__hover_enabled=\u00a0\u00bboff\u00a0\u00bb button_two_text_size__hover_enabled=\u00a0\u00bboff\u00a0\u00bb button_text_color__hover_enabled=\u00a0\u00bboff\u00a0\u00bb button_one_text_color__hover_enabled=\u00a0\u00bboff\u00a0\u00bb button_two_text_color__hover_enabled=\u00a0\u00bboff\u00a0\u00bb button_border_width__hover_enabled=\u00a0\u00bboff\u00a0\u00bb button_one_border_width__hover_enabled=\u00a0\u00bboff\u00a0\u00bb button_two_border_width__hover_enabled=\u00a0\u00bboff\u00a0\u00bb button_border_color__hover_enabled=\u00a0\u00bboff\u00a0\u00bb button_one_border_color__hover_enabled=\u00a0\u00bboff\u00a0\u00bb button_two_border_color__hover_enabled=\u00a0\u00bboff\u00a0\u00bb button_border_radius__hover_enabled=\u00a0\u00bboff\u00a0\u00bb button_one_border_radius__hover_enabled=\u00a0\u00bboff\u00a0\u00bb button_two_border_radius__hover_enabled=\u00a0\u00bboff\u00a0\u00bb button_letter_spacing__hover_enabled=\u00a0\u00bboff\u00a0\u00bb button_one_letter_spacing__hover_enabled=\u00a0\u00bboff\u00a0\u00bb button_two_letter_spacing__hover_enabled=\u00a0\u00bboff\u00a0\u00bb button_bg_color__hover_enabled=\u00a0\u00bboff\u00a0\u00bb button_one_bg_color__hover_enabled=\u00a0\u00bboff\u00a0\u00bb button_two_bg_color__hover_enabled=\u00a0\u00bboff\u00a0\u00bb][\/et_pb_contact_field][et_pb_contact_field field_id=\u00a0\u00bbEmail\u00a0\u00bb field_title=\u00a0\u00bbAdresse de courier \u00e9lectronique\u00a0\u00bb field_type=\u00a0\u00bbemail\u00a0\u00bb field_background_color=\u00a0\u00bbrgba(255,255,255,0.87)\u00a0\u00bb _builder_version=\u00a0\u00bb3.19.10&Prime; form_field_font=\u00a0\u00bb||||||||\u00a0\u00bb border_radii=\u00a0\u00bbon||||\u00a0\u00bb button_text_size__hover_enabled=\u00a0\u00bboff\u00a0\u00bb button_one_text_size__hover_enabled=\u00a0\u00bboff\u00a0\u00bb button_two_text_size__hover_enabled=\u00a0\u00bboff\u00a0\u00bb button_text_color__hover_enabled=\u00a0\u00bboff\u00a0\u00bb button_one_text_color__hover_enabled=\u00a0\u00bboff\u00a0\u00bb button_two_text_color__hover_enabled=\u00a0\u00bboff\u00a0\u00bb button_border_width__hover_enabled=\u00a0\u00bboff\u00a0\u00bb button_one_border_width__hover_enabled=\u00a0\u00bboff\u00a0\u00bb button_two_border_width__hover_enabled=\u00a0\u00bboff\u00a0\u00bb button_border_color__hover_enabled=\u00a0\u00bboff\u00a0\u00bb button_one_border_color__hover_enabled=\u00a0\u00bboff\u00a0\u00bb button_two_border_color__hover_enabled=\u00a0\u00bboff\u00a0\u00bb button_border_radius__hover_enabled=\u00a0\u00bboff\u00a0\u00bb button_one_border_radius__hover_enabled=\u00a0\u00bboff\u00a0\u00bb button_two_border_radius__hover_enabled=\u00a0\u00bboff\u00a0\u00bb button_letter_spacing__hover_enabled=\u00a0\u00bboff\u00a0\u00bb button_one_letter_spacing__hover_enabled=\u00a0\u00bboff\u00a0\u00bb button_two_letter_spacing__hover_enabled=\u00a0\u00bboff\u00a0\u00bb button_bg_color__hover_enabled=\u00a0\u00bboff\u00a0\u00bb button_one_bg_color__hover_enabled=\u00a0\u00bboff\u00a0\u00bb button_two_bg_color__hover_enabled=\u00a0\u00bboff\u00a0\u00bb][\/et_pb_contact_field][et_pb_contact_field field_id=\u00a0\u00bbMessage\u00a0\u00bb field_title=\u00a0\u00bbMessage\u00a0\u00bb field_type=\u00a0\u00bbtext\u00a0\u00bb fullwidth_field=\u00a0\u00bbon\u00a0\u00bb field_background_color=\u00a0\u00bbrgba(255,255,255,0.87)\u00a0\u00bb _builder_version=\u00a0\u00bb3.19.10&Prime; form_field_font=\u00a0\u00bb||||||||\u00a0\u00bb border_radii=\u00a0\u00bbon||||\u00a0\u00bb button_text_size__hover_enabled=\u00a0\u00bboff\u00a0\u00bb button_one_text_size__hover_enabled=\u00a0\u00bboff\u00a0\u00bb button_two_text_size__hover_enabled=\u00a0\u00bboff\u00a0\u00bb button_text_color__hover_enabled=\u00a0\u00bboff\u00a0\u00bb button_one_text_color__hover_enabled=\u00a0\u00bboff\u00a0\u00bb button_two_text_color__hover_enabled=\u00a0\u00bboff\u00a0\u00bb button_border_width__hover_enabled=\u00a0\u00bboff\u00a0\u00bb button_one_border_width__hover_enabled=\u00a0\u00bboff\u00a0\u00bb button_two_border_width__hover_enabled=\u00a0\u00bboff\u00a0\u00bb button_border_color__hover_enabled=\u00a0\u00bboff\u00a0\u00bb button_one_border_color__hover_enabled=\u00a0\u00bboff\u00a0\u00bb button_two_border_color__hover_enabled=\u00a0\u00bboff\u00a0\u00bb button_border_radius__hover_enabled=\u00a0\u00bboff\u00a0\u00bb button_one_border_radius__hover_enabled=\u00a0\u00bboff\u00a0\u00bb button_two_border_radius__hover_enabled=\u00a0\u00bboff\u00a0\u00bb button_letter_spacing__hover_enabled=\u00a0\u00bboff\u00a0\u00bb button_one_letter_spacing__hover_enabled=\u00a0\u00bboff\u00a0\u00bb button_two_letter_spacing__hover_enabled=\u00a0\u00bboff\u00a0\u00bb button_bg_color__hover_enabled=\u00a0\u00bboff\u00a0\u00bb button_one_bg_color__hover_enabled=\u00a0\u00bboff\u00a0\u00bb button_two_bg_color__hover_enabled=\u00a0\u00bboff\u00a0\u00bb][\/et_pb_contact_field][\/et_pb_contact_form][\/et_pb_column][\/et_pb_row][\/et_pb_section]<\/p>\n","protected":false},"excerpt":{"rendered":"<p>METHODE COMPLIT: Service de conseil agronomique de TERRASHARP La m\u00e9thode COMPLIT nous rend unique. Il y a beaucoup d\u2019 entreprises qui fournissent des mappages avec drones mais ce qui rend nous rend uniques c&rsquo;est la relation cr\u00e9\u00e9e avec le client.Nous fournissons le survol, les donn\u00e9es, les cartes, soit, un service complet \u00e0 360\u00b0 en partant [&hellip;]<\/p>\n","protected":false},"author":2,"featured_media":0,"parent":0,"menu_order":0,"comment_status":"closed","ping_status":"closed","template":"page_custom_contact_forms.php","meta":{"_et_pb_use_builder":"on","_et_pb_old_content":"","_et_gb_content_width":"","footnotes":""},"class_list":["post-5443","page","type-page","status-publish","hentry"],"_links":{"self":[{"href":"https:\/\/terrasharp.com\/fr\/wp-json\/wp\/v2\/pages\/5443\/"}],"collection":[{"href":"https:\/\/terrasharp.com\/fr\/wp-json\/wp\/v2\/pages\/"}],"about":[{"href":"https:\/\/terrasharp.com\/fr\/wp-json\/wp\/v2\/types\/page\/"}],"author":[{"embeddable":true,"href":"https:\/\/terrasharp.com\/fr\/wp-json\/wp\/v2\/users\/2\/"}],"replies":[{"embeddable":true,"href":"https:\/\/terrasharp.com\/fr\/wp-json\/wp\/v2\/comments\/?post=5443"}],"version-history":[{"count":10,"href":"https:\/\/terrasharp.com\/fr\/wp-json\/wp\/v2\/pages\/5443\/revisions\/"}],"predecessor-version":[{"id":5843,"href":"https:\/\/terrasharp.com\/fr\/wp-json\/wp\/v2\/pages\/5443\/revisions\/5843\/"}],"wp:attachment":[{"href":"https:\/\/terrasharp.com\/fr\/wp-json\/wp\/v2\/media\/?parent=5443"}],"curies":[{"name":"wp","href":"https:\/\/api.w.org\/{rel}","templated":true}]}}