{"id":5593,"date":"2019-03-27T11:55:34","date_gmt":"2019-03-27T11:55:34","guid":{"rendered":"https:\/\/terrasharp.com\/?page_id=5593"},"modified":"2019-08-01T13:41:15","modified_gmt":"2019-08-01T13:41:15","slug":"complit-approach","status":"publish","type":"page","link":"https:\/\/terrasharp.com\/ro\/complit-approach\/","title":{"rendered":"COMPLIT APPROACH"},"content":{"rendered":"\r\n[et_pb_section fb_built=&#8221;1&#8243; custom_padding_last_edited=&#8221;on|desktop&#8221; admin_label=&#8221;Hero section&#8221; _builder_version=&#8221;3.19.10&#8243; background_image=&#8221;https:\/\/terrasharp.com\/wp-content\/uploads\/2019\/03\/complit_approach_terrasharp.jpg&#8221; custom_margin=&#8221;-25px|||&#8221; custom_padding=&#8221;48.8%||10%||false|false&#8221;][\/et_pb_section][et_pb_section fb_built=&#8221;1&#8243; _builder_version=&#8221;3.17.6&#8243; background_color=&#8221;rgba(0,0,0,0.03)&#8221; background_position=&#8221;top_center&#8221; custom_margin=&#8221;|||&#8221; custom_padding=&#8221;22px||&#8221;][et_pb_row _builder_version=&#8221;3.17.6&#8243;][et_pb_column type=&#8221;1_2&#8243; _builder_version=&#8221;3.17.6&#8243; parallax=&#8221;off&#8221; parallax_method=&#8221;on&#8221;][et_pb_image src=&#8221;https:\/\/terrasharp.com\/wp-content\/uploads\/2019\/02\/consulenza_agronomica_preventivo_gratuito.jpg&#8221; _builder_version=&#8221;3.19.10&#8243; custom_margin=&#8221;0px|||-100px&#8221;][\/et_pb_image][\/et_pb_column][et_pb_column type=&#8221;1_2&#8243; _builder_version=&#8221;3.17.6&#8243; parallax=&#8221;off&#8221; parallax_method=&#8221;on&#8221;][et_pb_text _builder_version=&#8221;3.17.6&#8243; header_font=&#8221;|600|||||||&#8221;]<h1>COMPLIT APPROACH\u00a9: Serviciul de consultan\u021b\u0103 \u00een agricultur\u0103 al TERRASHARP.<\/h1>\r\n<p>Exist\u0103 multe companii care ofer\u0103 servicii de cartografiere cu drone, \u00eens\u0103 ceea ce ne diferen\u021biaz\u0103 de restul este rela\u021bia pe care o stabilim cu fermierul. Pe l\u00e2ng\u0103 zborul cu dron\u0103 pentru adunarea datelor \u0219i cartografiere, oferim de asemenea un set complet de servicii de consultan\u021b\u0103 agricol\u0103. Speciali\u0219tii no\u0219tri v\u0103 vor transmite rezultatele ob\u021binute \u0219i vor colabora cu dumneavoastr\u0103. Datorit\u0103 acestei colabor\u0103ri directe, rezultatele scontate pot atinge eficacitate maxim\u0103. <br \/>\u00cen plus, oferim informa\u021bii cu privire la cele mai bune semin\u021be, \u00eengr\u0103\u0219\u0103minte \u0219i utilaje. De asemenea, facem \u0219i o analiz\u0103 a solului \u0219i ajut\u0103m la optimizarea resurselor de ap\u0103. Serviciile noastre \u0219i cele oferite de ter\u021be p\u0103r\u021bi sunt perfect integrate, cre\u00e2nd un sistem holistic, astfel \u00eenc\u00e2t fermierul poate dispune de un pachet complet \u0219i personalizat de informa\u021bii, oferind astfel o solu\u021bie perfect\u0103 ce poate fi aplicat\u0103 imediat.<\/p>[\/et_pb_text][\/et_pb_column][\/et_pb_row][\/et_pb_section][et_pb_section fb_built=&#8221;1&#8243; _builder_version=&#8221;3.17.6&#8243; custom_padding=&#8221;0px|0px|0px|0px|false|false&#8221;][et_pb_row use_custom_width=&#8221;on&#8221; width_unit=&#8221;off&#8221; custom_width_percent=&#8221;100%&#8221; custom_padding=&#8221;99px|0|105px|0|false|false&#8221; custom_margin=&#8221;0px||&#8221; _builder_version=&#8221;3.19.10&#8243; background_image=&#8221;https:\/\/terrasharp.com\/wp-content\/uploads\/2019\/03\/terrasharp_consulenza_agronomica_parallax-1.jpg&#8221; parallax=&#8221;on&#8221; parallax_method=&#8221;off&#8221;][et_pb_column type=&#8221;4_4&#8243; _builder_version=&#8221;3.17.6&#8243; parallax=&#8221;off&#8221; parallax_method=&#8221;on&#8221;][\/et_pb_column][\/et_pb_row][et_pb_row _builder_version=&#8221;3.17.6&#8243;][et_pb_column type=&#8221;1_2&#8243; _builder_version=&#8221;3.17.6&#8243; parallax=&#8221;off&#8221; parallax_method=&#8221;on&#8221;][et_pb_text _builder_version=&#8221;3.17.6&#8243; header_font=&#8221;|600|||||||&#8221;]<h1>COMPLIT APPROACH\u00a9 Simbioza perfect\u0103 \u00eentre experien\u021ba agriculturii italian\u0103 \u0219i cele mai avansate tehnologii.<\/h1>\r\n<p>COMPLIT APPROACH\u00a9, reprezint\u0103 solu\u021bia noastr\u0103 care ne ofer\u0103 posibilitatea s\u0103 garantam cele mai bune rezultate. Nu este doar un simplu serviciu de consultan\u021b\u0103 agricol\u0103, ci mult mai mult.<br \/>Aleg\u00e2nd TERRASHARP\u00a9 \u0219i COMPLIT APPROACH\u00a9 \u00eenseamn\u0103 s\u0103 alegi o echip\u0103 de profesioni\u0219ti fiabili care, pe l\u00e2ng\u0103 serviciile pentru agricultur\u0103 de precizie specifice, lucreaz\u0103 pentru a v\u0103 atinge obiectivele printr-o viziune complete, ce ne ofer\u0103 posibilitatea de a ob\u021bine rezultate tangibile \u00eempreun\u0103.<br \/>Din acest motiv, colaborarea noastr\u0103 cu dumneavoastr\u0103 este esen\u021bial\u0103. Suntem con\u0219tien\u021bi c\u0103 aceasta este singura modalitate de a atinge poten\u021bialul maxim. Avem un singur obiectiv: SUCCESUL DUMNEAVOASTR\u0102!<\/p>[\/et_pb_text][\/et_pb_column][et_pb_column type=&#8221;1_2&#8243; _builder_version=&#8221;3.17.6&#8243; parallax=&#8221;off&#8221; parallax_method=&#8221;on&#8221;][et_pb_video src=&#8221;https:\/\/www.youtube.com\/watch?v=SIXvzv3FYY4&#8243; image_src=&#8221;https:\/\/terrasharp.com\/wp-content\/uploads\/2019\/02\/51283453_1022059234654516_3230249537591312384_n.jpg&#8221; _builder_version=&#8221;3.19.10&#8243; custom_margin=&#8221;|-70px||-10px&#8221;][\/et_pb_video][\/et_pb_column][\/et_pb_row][et_pb_row custom_padding=&#8221;26px|0px|51px|0px|false|false&#8221; _builder_version=&#8221;3.17.6&#8243;][et_pb_column type=&#8221;4_4&#8243; _builder_version=&#8221;3.17.6&#8243; parallax=&#8221;off&#8221; parallax_method=&#8221;on&#8221;][et_pb_text _builder_version=&#8221;3.19.10&#8243; text_font=&#8221;||||||||&#8221; header_font=&#8221;|600|||||||&#8221; header_2_font=&#8221;||on||||||&#8221; link_option_url=&#8221;https:\/\/terrasharp.com\/ro\/contacteaza-ne\/&#8221;]<h1 style=\"text-align: center;\">\u00cembun\u0103t\u0103\u021be\u0219te calitatea \u0219i productivitatea terenului agricol, reduce pierderile \u0219i costurile \u0219i optimizeaz\u0103 \u00eentreg lan\u021bul de aprovizionare.<\/h1>\r\n<h2 style=\"text-align: center;\">Cere acum o ofert\u0103 gratuit\u0103!<\/h2>\r\n[\/et_pb_text][et_pb_button button_url=&#8221;https:\/\/terrasharp.com\/it\/contattaci\/&#8221; button_text=&#8221;Cere acum o ofert\u0103 gratuit\u0103!&#8221; button_alignment=&#8221;center&#8221; _builder_version=&#8221;3.19.10&#8243; custom_button=&#8221;on&#8221; button_text_size=&#8221;23px&#8221; button_text_color=&#8221;rgba(119,193,98,0.76)&#8221; button_border_width=&#8221;2px&#8221; button_font=&#8221;||||||||&#8221;][\/et_pb_button][\/et_pb_column][\/et_pb_row][\/et_pb_section][et_pb_section fb_built=&#8221;1&#8243; _builder_version=&#8221;3.19.10&#8243; background_image=&#8221;https:\/\/terrasharp.com\/wp-content\/uploads\/2019\/02\/footer_terrasharp.jpg&#8221; custom_padding=&#8221;60px|0px|50.5104px|0px|false|false&#8221;][et_pb_row make_fullwidth=&#8221;on&#8221; make_equal=&#8221;on&#8221; background_color_1=&#8221;rgba(0,0,0,0.76)&#8221; background_color_2=&#8221;rgba(0,0,0,0.76)&#8221; padding_top_2=&#8221;12px&#8221; padding_right_2=&#8221;20px&#8221; padding_bottom_2=&#8221;12px&#8221; padding_left_2=&#8221;20px&#8221; _builder_version=&#8221;3.17.6&#8243;][et_pb_column type=&#8221;1_2&#8243; _builder_version=&#8221;3.0.47&#8243; background_color=&#8221;rgba(0,0,0,0.76)&#8221; parallax=&#8221;off&#8221; parallax_method=&#8221;on&#8221;][et_pb_text _builder_version=&#8221;3.19.10&#8243; link_font=&#8221;|700|||on|||rgba(119,193,98,0.76)|&#8221; link_text_color=&#8221;#ffffff&#8221; header_font=&#8221;||||||||&#8221; header_3_font=&#8221;||||||||&#8221; header_3_text_color=&#8221;rgba(119,193,98,0.76)&#8221; border_radii=&#8221;on|28px|28px|28px|28px&#8221; module_alignment=&#8221;center&#8221; custom_margin=&#8221;35px||&#8221;]<h3 style=\"text-align: center;\"><span><strong><\/strong><\/span><\/h3>\r\n<h3 style=\"text-align: center;\"><strong>Adres\u0103<\/strong><\/h3>\r\n<p style=\"text-align: center;\"><span style=\"font-size: large; color: #ffffff;\">Via Gerolamo Tiraboschi 8,<\/span><br \/> <span style=\"font-size: large; color: #ffffff;\"> 20135, Milano Italia<\/span><\/p>\r\n<h3 style=\"text-align: center;\"><strong>Num\u0103r de telefon<\/strong><\/h3>\r\n<p style=\"text-align: center;\"><span style=\"font-size: large; color: #ffffff;\">(+39) 02 546 3198<\/span><\/p>\r\n<h3 style=\"text-align: center;\"><span><strong>Mail<\/strong><\/span><\/h3>\r\n<p style=\"text-align: center;\"><span style=\"font-size: large;\"><a href=\"mailto:info@terrasharp.com\"> info@terrasharp.com<\/a><\/span><\/p>\r\n<p>&nbsp;<\/p>[\/et_pb_text][\/et_pb_column][et_pb_column type=&#8221;1_2&#8243; _builder_version=&#8221;3.0.47&#8243; padding_bottom=&#8221;12px&#8221; padding_left=&#8221;20px&#8221; padding_right=&#8221;20px&#8221; padding_top=&#8221;12px&#8221; background_color=&#8221;rgba(0,0,0,0.76)&#8221; parallax=&#8221;off&#8221; parallax_method=&#8221;on&#8221;][et_pb_contact_form captcha=&#8221;off&#8221; email=&#8221;info@terrasharp.com&#8221; title=&#8221;Cere\u021bi o consultare sau cote&#8221; success_message=&#8221;Mesajul a fost trimis cu succes&#8221; submit_button_text=&#8221;Trimite&#8221; module_id=&#8221;et_pb_contact_form_0&#8243; _builder_version=&#8221;3.19.10&#8243; title_font=&#8221;||||||||&#8221; title_text_color=&#8221;rgba(119,193,98,0.76)&#8221; form_field_font=&#8221;||||||||&#8221; custom_button=&#8221;on&#8221; button_border_radius=&#8221;17px&#8221; button_letter_spacing=&#8221;0px&#8221; button_font=&#8221;||||||||&#8221;][et_pb_contact_field field_id=&#8221;Name&#8221; field_title=&#8221;Nume&#8221; field_background_color=&#8221;rgba(255,255,255,0.87)&#8221; _builder_version=&#8221;3.19.10&#8243; form_field_font=&#8221;||||||||&#8221; border_radii=&#8221;on||||&#8221; button_text_size__hover_enabled=&#8221;off&#8221; button_one_text_size__hover_enabled=&#8221;off&#8221; button_two_text_size__hover_enabled=&#8221;off&#8221; button_text_color__hover_enabled=&#8221;off&#8221; button_one_text_color__hover_enabled=&#8221;off&#8221; button_two_text_color__hover_enabled=&#8221;off&#8221; button_border_width__hover_enabled=&#8221;off&#8221; button_one_border_width__hover_enabled=&#8221;off&#8221; button_two_border_width__hover_enabled=&#8221;off&#8221; button_border_color__hover_enabled=&#8221;off&#8221; button_one_border_color__hover_enabled=&#8221;off&#8221; button_two_border_color__hover_enabled=&#8221;off&#8221; button_border_radius__hover_enabled=&#8221;off&#8221; button_one_border_radius__hover_enabled=&#8221;off&#8221; button_two_border_radius__hover_enabled=&#8221;off&#8221; button_letter_spacing__hover_enabled=&#8221;off&#8221; button_one_letter_spacing__hover_enabled=&#8221;off&#8221; button_two_letter_spacing__hover_enabled=&#8221;off&#8221; button_bg_color__hover_enabled=&#8221;off&#8221; button_one_bg_color__hover_enabled=&#8221;off&#8221; button_two_bg_color__hover_enabled=&#8221;off&#8221;][\/et_pb_contact_field][et_pb_contact_field field_id=&#8221;Email&#8221; field_title=&#8221;Num\u0103r de telefon&#8221; field_type=&#8221;email&#8221; field_background_color=&#8221;rgba(255,255,255,0.87)&#8221; _builder_version=&#8221;3.19.10&#8243; form_field_font=&#8221;||||||||&#8221; border_radii=&#8221;on||||&#8221; button_text_size__hover_enabled=&#8221;off&#8221; button_one_text_size__hover_enabled=&#8221;off&#8221; button_two_text_size__hover_enabled=&#8221;off&#8221; button_text_color__hover_enabled=&#8221;off&#8221; button_one_text_color__hover_enabled=&#8221;off&#8221; button_two_text_color__hover_enabled=&#8221;off&#8221; button_border_width__hover_enabled=&#8221;off&#8221; button_one_border_width__hover_enabled=&#8221;off&#8221; button_two_border_width__hover_enabled=&#8221;off&#8221; button_border_color__hover_enabled=&#8221;off&#8221; button_one_border_color__hover_enabled=&#8221;off&#8221; button_two_border_color__hover_enabled=&#8221;off&#8221; button_border_radius__hover_enabled=&#8221;off&#8221; button_one_border_radius__hover_enabled=&#8221;off&#8221; button_two_border_radius__hover_enabled=&#8221;off&#8221; button_letter_spacing__hover_enabled=&#8221;off&#8221; button_one_letter_spacing__hover_enabled=&#8221;off&#8221; button_two_letter_spacing__hover_enabled=&#8221;off&#8221; button_bg_color__hover_enabled=&#8221;off&#8221; button_one_bg_color__hover_enabled=&#8221;off&#8221; button_two_bg_color__hover_enabled=&#8221;off&#8221;][\/et_pb_contact_field][et_pb_contact_field field_id=&#8221;Message&#8221; field_title=&#8221;Mesaj&#8221; field_type=&#8221;text&#8221; fullwidth_field=&#8221;on&#8221; field_background_color=&#8221;rgba(255,255,255,0.87)&#8221; _builder_version=&#8221;3.19.10&#8243; form_field_font=&#8221;||||||||&#8221; border_radii=&#8221;on||||&#8221; button_text_size__hover_enabled=&#8221;off&#8221; button_one_text_size__hover_enabled=&#8221;off&#8221; button_two_text_size__hover_enabled=&#8221;off&#8221; button_text_color__hover_enabled=&#8221;off&#8221; button_one_text_color__hover_enabled=&#8221;off&#8221; button_two_text_color__hover_enabled=&#8221;off&#8221; button_border_width__hover_enabled=&#8221;off&#8221; button_one_border_width__hover_enabled=&#8221;off&#8221; button_two_border_width__hover_enabled=&#8221;off&#8221; button_border_color__hover_enabled=&#8221;off&#8221; button_one_border_color__hover_enabled=&#8221;off&#8221; button_two_border_color__hover_enabled=&#8221;off&#8221; button_border_radius__hover_enabled=&#8221;off&#8221; button_one_border_radius__hover_enabled=&#8221;off&#8221; button_two_border_radius__hover_enabled=&#8221;off&#8221; button_letter_spacing__hover_enabled=&#8221;off&#8221; button_one_letter_spacing__hover_enabled=&#8221;off&#8221; button_two_letter_spacing__hover_enabled=&#8221;off&#8221; button_bg_color__hover_enabled=&#8221;off&#8221; button_one_bg_color__hover_enabled=&#8221;off&#8221; button_two_bg_color__hover_enabled=&#8221;off&#8221;][\/et_pb_contact_field][\/et_pb_contact_form][\/et_pb_column][\/et_pb_row][\/et_pb_section]\r\n","protected":false},"excerpt":{"rendered":"<p>COMPLIT APPROACH\u00a9: Serviciul de consultan\u021b\u0103 \u00een agricultur\u0103 al TERRASHARP. Exist\u0103 multe companii care ofer\u0103 servicii de cartografiere cu drone, \u00eens\u0103 ceea ce ne diferen\u021biaz\u0103 de restul este rela\u021bia pe care o stabilim cu fermierul. Pe l\u00e2ng\u0103 zborul cu dron\u0103 pentru adunarea datelor \u0219i cartografiere, oferim de asemenea un set complet de servicii de consultan\u021b\u0103 agricol\u0103. [&hellip;]<\/p>\n","protected":false},"author":2,"featured_media":0,"parent":0,"menu_order":0,"comment_status":"closed","ping_status":"closed","template":"page_custom_contact_forms.php","meta":{"_et_pb_use_builder":"on","_et_pb_old_content":"","_et_gb_content_width":"","footnotes":""},"class_list":["post-5593","page","type-page","status-publish","hentry"],"_links":{"self":[{"href":"https:\/\/terrasharp.com\/ro\/wp-json\/wp\/v2\/pages\/5593\/"}],"collection":[{"href":"https:\/\/terrasharp.com\/ro\/wp-json\/wp\/v2\/pages\/"}],"about":[{"href":"https:\/\/terrasharp.com\/ro\/wp-json\/wp\/v2\/types\/page\/"}],"author":[{"embeddable":true,"href":"https:\/\/terrasharp.com\/ro\/wp-json\/wp\/v2\/users\/2\/"}],"replies":[{"embeddable":true,"href":"https:\/\/terrasharp.com\/ro\/wp-json\/wp\/v2\/comments\/?post=5593"}],"version-history":[{"count":7,"href":"https:\/\/terrasharp.com\/ro\/wp-json\/wp\/v2\/pages\/5593\/revisions\/"}],"predecessor-version":[{"id":5833,"href":"https:\/\/terrasharp.com\/ro\/wp-json\/wp\/v2\/pages\/5593\/revisions\/5833\/"}],"wp:attachment":[{"href":"https:\/\/terrasharp.com\/ro\/wp-json\/wp\/v2\/media\/?parent=5593"}],"curies":[{"name":"wp","href":"https:\/\/api.w.org\/{rel}","templated":true}]}}